{"id":405,"date":"2022-02-22T12:39:16","date_gmt":"2022-02-22T11:39:16","guid":{"rendered":"http:\/\/www.yediler.de\/biografie\/"},"modified":"2022-05-17T17:41:49","modified_gmt":"2022-05-17T15:41:49","slug":"biografie","status":"publish","type":"page","link":"https:\/\/www.yediler.de\/en\/biografie\/","title":{"rendered":"Biography"},"content":{"rendered":"<h2>Iskender Yediler<\/h2>\n<p class=\"p1\"><span class=\"yrs\">1953<\/span> born <span class=\"tab1\">in Eskisehir\/Turkey<\/span><\/p>\n<p class=\"p1\"><span class=\"yrs\">1972\u201374<\/span> <span class=\"tab1\">Fachoberschule f\u00fcr Gestaltung in M\u00fcnchen<\/span><\/p>\n<p class=\"p1\"><span class=\"yrs\">1974\u201379<\/span> <span class=\"tab1\">Fachhochschule f\u00fcr Gestaltung in M\u00fcnchen<br \/>Abschlu\u00df Diplom Graphik Designer<\/span><\/p>\n<p class=\"p1\"><span class=\"yrs\">1981\u201383<\/span> <span class=\"tab1\">Akademie der Bildenden K\u00fcnste M\u00fcnchen \u2013 Bildhauereistudium<\/span><\/p>\n<p class=\"p1\"><span class=\"yrs\">1984\u201387<\/span> <span class=\"tab1\">Staatliche Kunstakademie D\u00fcsseldorf <br \/>Bildhauereistudium bei Prof. Ulrich R\u00fcckriem<\/span><\/p>\n<p class=\"p2\"><span class=\"tab1\" style=\"font-size: revert; color: initial; font-family: -apple-system, BlinkMacSystemFont, 'Segoe UI', Roboto, Oxygen-Sans, Ubuntu, Cantarell, 'Helvetica Neue', sans-serif;\">Lebt und arbeitet in Berlin.<\/span><\/p>\n\n\n<p><\/p>\n","protected":false},"excerpt":{"rendered":"<p>Iskender Yediler 1953 born in Eskisehir\/Turkey 1972\u201374 Fachoberschule f\u00fcr Gestaltung in M\u00fcnchen 1974\u201379 Fachhochschule f\u00fcr Gestaltung in M\u00fcnchenAbschlu\u00df Diplom Graphik Designer 1981\u201383 Akademie der Bildenden K\u00fcnste M\u00fcnchen \u2013 Bildhauereistudium 1984\u201387 Staatliche Kunstakademie D\u00fcsseldorf Bildhauereistudium bei Prof. Ulrich R\u00fcckriem Lebt und arbeitet in Berlin.<\/p>\n","protected":false},"author":1,"featured_media":151,"parent":0,"menu_order":23,"comment_status":"closed","ping_status":"closed","template":"","meta":{"_acf_changed":false,"footnotes":""},"class_list":["post-405","page","type-page","status-publish","has-post-thumbnail","hentry"],"acf":[],"_links":{"self":[{"href":"https:\/\/www.yediler.de\/en\/wp-json\/wp\/v2\/pages\/405","targetHints":{"allow":["GET"]}}],"collection":[{"href":"https:\/\/www.yediler.de\/en\/wp-json\/wp\/v2\/pages"}],"about":[{"href":"https:\/\/www.yediler.de\/en\/wp-json\/wp\/v2\/types\/page"}],"author":[{"embeddable":true,"href":"https:\/\/www.yediler.de\/en\/wp-json\/wp\/v2\/users\/1"}],"replies":[{"embeddable":true,"href":"https:\/\/www.yediler.de\/en\/wp-json\/wp\/v2\/comments?post=405"}],"version-history":[{"count":1,"href":"https:\/\/www.yediler.de\/en\/wp-json\/wp\/v2\/pages\/405\/revisions"}],"predecessor-version":[{"id":407,"href":"https:\/\/www.yediler.de\/en\/wp-json\/wp\/v2\/pages\/405\/revisions\/407"}],"wp:featuredmedia":[{"embeddable":true,"href":"https:\/\/www.yediler.de\/en\/wp-json\/wp\/v2\/media\/151"}],"wp:attachment":[{"href":"https:\/\/www.yediler.de\/en\/wp-json\/wp\/v2\/media?parent=405"}],"curies":[{"name":"wp","href":"https:\/\/api.w.org\/{rel}","templated":true}]}}