{"id":408,"date":"2022-02-22T11:56:04","date_gmt":"2022-02-22T10:56:04","guid":{"rendered":"http:\/\/www.yediler.de\/publikation\/"},"modified":"2022-05-12T12:57:26","modified_gmt":"2022-05-12T10:57:26","slug":"publikation","status":"publish","type":"page","link":"https:\/\/www.yediler.de\/en\/publikation\/","title":{"rendered":"Publikationen"},"content":{"rendered":"\n<h1 class=\"wp-block-heading\">CATALOGUES<\/h1>\n\n\n\n<figure class=\"wp-block-image size-large\"><img loading=\"lazy\" decoding=\"async\" width=\"1024\" height=\"701\" src=\"http:\/\/www.yediler.de\/wp-content\/uploads\/2022\/03\/katalog-bonn-99-1024x701.jpg\" alt=\"\" class=\"wp-image-161\" srcset=\"https:\/\/www.yediler.de\/wp-content\/uploads\/2022\/03\/katalog-bonn-99-1024x701.jpg 1024w, https:\/\/www.yediler.de\/wp-content\/uploads\/2022\/03\/katalog-bonn-99-300x205.jpg 300w, https:\/\/www.yediler.de\/wp-content\/uploads\/2022\/03\/katalog-bonn-99-768x525.jpg 768w, https:\/\/www.yediler.de\/wp-content\/uploads\/2022\/03\/katalog-bonn-99.jpg 1124w\" sizes=\"auto, (max-width: 1024px) 100vw, 1024px\" \/><\/figure>\n\n\n\n<h2 class=\"wp-block-heading\">Iskender Yediler &#8211; \u00dcbersicht<\/h2>\n\n\n\n<p>Katalog zur Ausstellung in der Ausstellungshalle Alte Rotation. Hrsg. Frank G\u00fcnter Zehnder, 1999<\/p>\n\n\n\n<figure class=\"wp-block-gallery has-nested-images columns-default is-cropped wp-block-gallery-1 is-layout-flex wp-block-gallery-is-layout-flex\">\n<figure class=\"wp-block-image size-large\"><a href=\"http:\/\/www.yediler.de\/wp-content\/uploads\/2022\/05\/Albuem-cover.jpg\"><img loading=\"lazy\" decoding=\"async\" width=\"734\" height=\"993\" data-id=\"856\" src=\"http:\/\/www.yediler.de\/wp-content\/uploads\/2022\/05\/Albuem-cover.jpg\" alt=\"\" class=\"wp-image-856\" srcset=\"https:\/\/www.yediler.de\/wp-content\/uploads\/2022\/05\/Albuem-cover.jpg 734w, https:\/\/www.yediler.de\/wp-content\/uploads\/2022\/05\/Albuem-cover-222x300.jpg 222w\" sizes=\"auto, (max-width: 734px) 100vw, 734px\" \/><\/a><\/figure>\n\n\n\n<figure class=\"wp-block-image size-large\"><a href=\"http:\/\/www.yediler.de\/wp-content\/uploads\/2022\/05\/Albuem-Inhalt.jpg\"><img loading=\"lazy\" decoding=\"async\" width=\"1400\" height=\"1044\" data-id=\"858\" src=\"http:\/\/www.yediler.de\/wp-content\/uploads\/2022\/05\/Albuem-Inhalt.jpg\" alt=\"\" class=\"wp-image-858\" srcset=\"https:\/\/www.yediler.de\/wp-content\/uploads\/2022\/05\/Albuem-Inhalt.jpg 1400w, https:\/\/www.yediler.de\/wp-content\/uploads\/2022\/05\/Albuem-Inhalt-300x224.jpg 300w, https:\/\/www.yediler.de\/wp-content\/uploads\/2022\/05\/Albuem-Inhalt-1024x764.jpg 1024w, https:\/\/www.yediler.de\/wp-content\/uploads\/2022\/05\/Albuem-Inhalt-768x573.jpg 768w\" sizes=\"auto, (max-width: 1400px) 100vw, 1400px\" \/><\/a><\/figure>\n\n\n\n<figure class=\"wp-block-image size-large\"><a href=\"http:\/\/www.yediler.de\/wp-content\/uploads\/2022\/05\/Albuem-Inhalt01.jpg\"><img loading=\"lazy\" decoding=\"async\" width=\"1400\" height=\"1019\" data-id=\"860\" src=\"http:\/\/www.yediler.de\/wp-content\/uploads\/2022\/05\/Albuem-Inhalt01.jpg\" alt=\"\" class=\"wp-image-860\" srcset=\"https:\/\/www.yediler.de\/wp-content\/uploads\/2022\/05\/Albuem-Inhalt01.jpg 1400w, https:\/\/www.yediler.de\/wp-content\/uploads\/2022\/05\/Albuem-Inhalt01-300x218.jpg 300w, https:\/\/www.yediler.de\/wp-content\/uploads\/2022\/05\/Albuem-Inhalt01-1024x745.jpg 1024w, https:\/\/www.yediler.de\/wp-content\/uploads\/2022\/05\/Albuem-Inhalt01-768x559.jpg 768w\" sizes=\"auto, (max-width: 1400px) 100vw, 1400px\" \/><\/a><\/figure>\n\n\n\n<figure class=\"wp-block-image size-large\"><a href=\"http:\/\/www.yediler.de\/wp-content\/uploads\/2022\/05\/Albuem-Inhalt02.jpg\"><img loading=\"lazy\" decoding=\"async\" width=\"1400\" height=\"993\" data-id=\"862\" src=\"http:\/\/www.yediler.de\/wp-content\/uploads\/2022\/05\/Albuem-Inhalt02.jpg\" alt=\"\" class=\"wp-image-862\" srcset=\"https:\/\/www.yediler.de\/wp-content\/uploads\/2022\/05\/Albuem-Inhalt02.jpg 1400w, https:\/\/www.yediler.de\/wp-content\/uploads\/2022\/05\/Albuem-Inhalt02-300x213.jpg 300w, https:\/\/www.yediler.de\/wp-content\/uploads\/2022\/05\/Albuem-Inhalt02-1024x726.jpg 1024w, https:\/\/www.yediler.de\/wp-content\/uploads\/2022\/05\/Albuem-Inhalt02-768x545.jpg 768w\" sizes=\"auto, (max-width: 1400px) 100vw, 1400px\" \/><\/a><\/figure>\n<\/figure>\n\n\n\n<h2 class=\"wp-block-heading\">Iskender Yediler &#8211; Alb\u00fcm<\/h2>\n\n\n\n<p>K\u00fcnsterbuch aus der Reihe: edition separee, Reiner Speck. Hrsg. Gerhard Theewen, 1998<\/p>\n\n\n\n<figure class=\"wp-block-gallery has-nested-images columns-default is-cropped wp-block-gallery-2 is-layout-flex wp-block-gallery-is-layout-flex\">\n<figure class=\"wp-block-image size-large\"><a href=\"http:\/\/www.yediler.de\/wp-content\/uploads\/2022\/05\/Singstunde-cover.jpg\"><img loading=\"lazy\" decoding=\"async\" width=\"664\" height=\"1048\" data-id=\"850\" src=\"http:\/\/www.yediler.de\/wp-content\/uploads\/2022\/05\/Singstunde-cover.jpg\" alt=\"\" class=\"wp-image-850\" srcset=\"https:\/\/www.yediler.de\/wp-content\/uploads\/2022\/05\/Singstunde-cover.jpg 664w, https:\/\/www.yediler.de\/wp-content\/uploads\/2022\/05\/Singstunde-cover-190x300.jpg 190w, https:\/\/www.yediler.de\/wp-content\/uploads\/2022\/05\/Singstunde-cover-649x1024.jpg 649w\" sizes=\"auto, (max-width: 664px) 100vw, 664px\" \/><\/a><\/figure>\n\n\n\n<figure class=\"wp-block-image size-large\"><a href=\"http:\/\/www.yediler.de\/wp-content\/uploads\/2022\/05\/Singstunde-Inhalt.jpg\"><img loading=\"lazy\" decoding=\"async\" width=\"1200\" height=\"1006\" data-id=\"852\" src=\"http:\/\/www.yediler.de\/wp-content\/uploads\/2022\/05\/Singstunde-Inhalt.jpg\" alt=\"\" class=\"wp-image-852\" srcset=\"https:\/\/www.yediler.de\/wp-content\/uploads\/2022\/05\/Singstunde-Inhalt.jpg 1200w, https:\/\/www.yediler.de\/wp-content\/uploads\/2022\/05\/Singstunde-Inhalt-300x252.jpg 300w, https:\/\/www.yediler.de\/wp-content\/uploads\/2022\/05\/Singstunde-Inhalt-1024x858.jpg 1024w, https:\/\/www.yediler.de\/wp-content\/uploads\/2022\/05\/Singstunde-Inhalt-768x644.jpg 768w\" sizes=\"auto, (max-width: 1200px) 100vw, 1200px\" \/><\/a><\/figure>\n\n\n\n<figure class=\"wp-block-image size-large\"><a href=\"http:\/\/www.yediler.de\/wp-content\/uploads\/2022\/05\/Singstunde-Inhalt01.jpg\"><img loading=\"lazy\" decoding=\"async\" width=\"1200\" height=\"1048\" data-id=\"854\" src=\"http:\/\/www.yediler.de\/wp-content\/uploads\/2022\/05\/Singstunde-Inhalt01.jpg\" alt=\"\" class=\"wp-image-854\" srcset=\"https:\/\/www.yediler.de\/wp-content\/uploads\/2022\/05\/Singstunde-Inhalt01.jpg 1200w, https:\/\/www.yediler.de\/wp-content\/uploads\/2022\/05\/Singstunde-Inhalt01-300x262.jpg 300w, https:\/\/www.yediler.de\/wp-content\/uploads\/2022\/05\/Singstunde-Inhalt01-1024x894.jpg 1024w, https:\/\/www.yediler.de\/wp-content\/uploads\/2022\/05\/Singstunde-Inhalt01-768x671.jpg 768w\" sizes=\"auto, (max-width: 1200px) 100vw, 1200px\" \/><\/a><\/figure>\n<\/figure>\n\n\n\n<h2 class=\"wp-block-heading\">Iskender Yediler &#8211; Singstunde<\/h2>\n\n\n\n<p>Bolzano 1994<\/p>\n","protected":false},"excerpt":{"rendered":"<p>CATALOGUES Iskender Yediler &#8211; \u00dcbersicht Katalog zur Ausstellung in der Ausstellungshalle Alte Rotation. Hrsg. Frank G\u00fcnter Zehnder, 1999 Iskender Yediler &#8211; Alb\u00fcm K\u00fcnsterbuch aus der Reihe: edition separee, Reiner Speck. Hrsg. Gerhard Theewen, 1998 Iskender Yediler &#8211; Singstunde Bolzano 1994<\/p>\n","protected":false},"author":1,"featured_media":0,"parent":0,"menu_order":27,"comment_status":"closed","ping_status":"closed","template":"page-publikation.php","meta":{"_acf_changed":false,"footnotes":""},"class_list":["post-408","page","type-page","status-publish","hentry"],"acf":[],"_links":{"self":[{"href":"https:\/\/www.yediler.de\/en\/wp-json\/wp\/v2\/pages\/408","targetHints":{"allow":["GET"]}}],"collection":[{"href":"https:\/\/www.yediler.de\/en\/wp-json\/wp\/v2\/pages"}],"about":[{"href":"https:\/\/www.yediler.de\/en\/wp-json\/wp\/v2\/types\/page"}],"author":[{"embeddable":true,"href":"https:\/\/www.yediler.de\/en\/wp-json\/wp\/v2\/users\/1"}],"replies":[{"embeddable":true,"href":"https:\/\/www.yediler.de\/en\/wp-json\/wp\/v2\/comments?post=408"}],"version-history":[{"count":8,"href":"https:\/\/www.yediler.de\/en\/wp-json\/wp\/v2\/pages\/408\/revisions"}],"predecessor-version":[{"id":971,"href":"https:\/\/www.yediler.de\/en\/wp-json\/wp\/v2\/pages\/408\/revisions\/971"}],"wp:attachment":[{"href":"https:\/\/www.yediler.de\/en\/wp-json\/wp\/v2\/media?parent=408"}],"curies":[{"name":"wp","href":"https:\/\/api.w.org\/{rel}","templated":true}]}}