{"id":410,"date":"2022-02-22T11:56:20","date_gmt":"2022-02-22T10:56:20","guid":{"rendered":"http:\/\/www.yediler.de\/ausstellung\/"},"modified":"2022-05-17T17:13:54","modified_gmt":"2022-05-17T15:13:54","slug":"ausstellung","status":"publish","type":"page","link":"https:\/\/www.yediler.de\/en\/ausstellung\/","title":{"rendered":"Exhibitions"},"content":{"rendered":"<h1>Solo Exhibitions<\/h1>\n<p><span class=\"yrs\">2021<\/span> <span class=\"tab1\">\u00bbYedilAIR\u00ab, AirMuseum Amberg<\/span><\/p>\n<p><span class=\"yrs\">2015<\/span> <span class=\"tab1\">\u00bbSuibri\u011figiller &#8211; Nepenthes\u00ab, Galerie art ON Istanbul\u00a0<\/span><\/p>\n<p><span class=\"tab1\">\u00bbBl\u00fchende Landschaften revisited\u00ab, Galerie Hammelehle und Ahrens und Sankt Gertrud: Kirche+Kultur, Ko\u0308ln <\/span><\/p>\n<p><span class=\"tab1\">\u00bbSkulpturen\u00ab, St. Regis Venice San Clemente Palace, Venice<\/span><\/p>\n<p><span class=\"yrs\">2014<\/span> <span class=\"tab1\">\u00bbALLM\u00dcLL\u00ab, SPAM-Contemporary, D\u00fcsseldorf<\/span><\/p>\n<p><span class=\"yrs\">2013<\/span> <span class=\"tab1\">\u00bba\u00e7\u0131kl\u0131k-freiraum\u00ab, Initiative B\u00fcrgerzentrum Schuhfabrik e.V., Ahlen\/Westfalen,<\/span><\/p>\n<p><span class=\"tab1\">\u00bbFiragerofidugekafitogeri\u00ab! weitermachen!, Kunstverein Offenburg<\/span><\/p>\n<p><span class=\"yrs\">2011<\/span> <span class=\"tab1\">\u00bbAuf geht\u2019s\u00ab, amschatzhaus, Neuss-Holzheim,<\/span><\/p>\n<p><span class=\"tab1\">\u00bbAlways something\u00ab Galerie E105, Berlin<\/span><\/p>\n<p><span class=\"yrs\">2008<\/span> <span class=\"tab1\">Kunstraum Kwadrat, Berlin<\/span><\/p>\n<p><span class=\"tab1\">Galerie Andreas H\u00f6hne, M\u00fcnchen<\/span><\/p>\n<p><span class=\"tab1\">\u00bbFRAGILITY\u00ab, AXA Art Lounge, ART BASEL<\/span><\/p>\n<p><span class=\"yrs\">2006<\/span> <span class=\"tab1\">Ballhaus Ost, Berlin, zusammen mit Anna Fasshauer<\/span><\/p>\n<p><span class=\"yrs\">2004<\/span> <span class=\"tab1\">Tyrler Studio, Innsbruck<\/span><\/p>\n<p><span class=\"yrs\">2002 <\/span><span class=\"tab1\">Forum Kunst Rottweil<\/span><\/p>\n<p><span class=\"yrs\">2001<\/span> <span class=\"tab1\">Kunstverein Heilbronn<\/span><\/p>\n<p><span class=\"yrs\">2000 <\/span><span class=\"tab1\">Intervention Nr. 20, Sprengel Museum, Hannover<\/span><\/p>\n<p><span class=\"yrs\">1999 <\/span><span class=\"tab1\">Rheinisches Landesmuseum, Bonn<\/span><\/p>\n<p><span class=\"tab1\">Galerie Sar\u00f3 Leon, Las Palmas, Gran Canaria<\/span><\/p>\n<p><span class=\"yrs\">1998<\/span> <span class=\"tab1\">Galerie Christian Nagel, K\u00f6ln (\u203aQuasi dichotomatische Angelegenheit\u2039, mit Ulrich Strothjohann)<\/span><\/p>\n<p><span class=\"tab1\">Galerie Katia Rid, M\u00fcnchen<\/span><\/p>\n<p><span class=\"tab1\">Galerie Lindig in Paludetto, N\u00fcrnberg, zusammen mit Boris Michailov<\/span><\/p>\n<p><span class=\"yrs\">1996<\/span> <span class=\"tab1\">Galerie Michael Janssen, K\u00f6ln<\/span><\/p>\n<p><span class=\"yrs\">1995 <\/span><span class=\"tab1\">Galerie Oliver Schweden, M\u00fcnchen\u00a0<\/span><\/p>\n<p><span class=\"yrs\">1994<\/span> <span class=\"tab1\">Galerie Tanja Grunert, K\u00f6ln\u00a0<\/span><\/p>\n<p><span class=\"tab1\">Galerie Klemens Gasser, Bolzano, (E)\u00a0<\/span><\/p>\n<p><span class=\"yrs\">1993<\/span> <span class=\"tab1\">K-Raum Daxer, M\u00fcnchen (zusammen mit Ulrich Rueckriem), (K)<\/span><\/p>\n<p><span class=\"tab1\">Galerie Bleich-Rossi, Graz\u00a0<\/span><\/p>\n<p><span class=\"yrs\">1991 <\/span><span class=\"tab1\">Galerie Tanja Grunert, K\u00f6ln\u00a0<\/span><\/p>\n<p><span class=\"yrs\">1989<\/span> <span class=\"tab1\">Galerie Bleich-Rossi, Graz, (K)\u00a0<\/span><\/p>\n<h1>Group Exhibitions<\/h1>\n<p><span class=\"yrs\">2021<\/span> <span class=\"tab1\">\u00bbHome, sweet home &#8230; oder unterdru\u0308ckte, wertkonservative \u00ab\u00bbSehnsucht\u00ab, Kunstverein am Rosa-Luxemburg-Platz<\/span><\/p>\n<p><span class=\"tab1\">1ST MESEBERG INTERNATIONAL for Contemporary Art Entwu\u0308rfe fu\u0308r ein Einwanderungsdenkmal auf Zollverein, Essen<\/span><\/p>\n<p><span class=\"yrs\">2015<\/span> <span class=\"tab1\">\u00bbAchtundvierzig Zw\u00f6lf,\u00ab Galerie Hammelehle und Ahrens K\u00f6ln<\/span><\/p>\n<p><span class=\"yrs\">2014<\/span> \u00bbMensch und Maschine\u00ab, Skulpturen-Triennale in Bingen<\/p>\n<p><span class=\"tab1\">\u00bbTimberrrr\u00ab, HORSEANDPONY Fine Arts Berlin\u00a0<\/span><\/p>\n<p><span class=\"yrs\">2013<\/span> <span class=\"tab1\">\u00bbDie Sammlung Lorenz\u00ab, neuesmuseum Staatliches Museum f\u00fcr Kunst und Design in N\u00fcrnberg\u00a0<\/span><\/p>\n<p><span class=\"tab1\">\u00bbApokalyptik als Widerstand, Die Sammlung Tom Biber\u00ab, Bayerisches Armeemuseum, Neues Schloss Ingolstadt<\/span><\/p>\n<p><span class=\"tab1\">\u00bbBildhauerzeichnungen der Gegenwart-Neuerwerbungen 1999 \u2013 2012\u00ab, Kunst Raum Rottweil<\/span><\/p>\n<p><span class=\"tab1\">\u00bbThe Legend of the Shelves\u00ab, AUTOCENTER Berlin<\/span><\/p>\n<p><span class=\"tab1\">\u00bbSchweben\u00ab, Rathausgalerie, Kunsthalle M\u00fcnchen<\/span><\/p>\n<p><span class=\"yrs\">2012<\/span> <span class=\"tab1\">\u00bbOh, Plastiksack!\u00ab, Gewerbemuseum, Winterthur\u00a0<\/span><\/p>\n<p><span class=\"yrs\">2011<\/span> <span class=\"tab1\">\u00bbElgiz 10 Istanbul\u00ab, Elgiz Museum of Contemporary Art, \u0130stanbul<\/span><\/p>\n<p><span class=\"tab1\">\u00bbI Love Aldi\u00ab, Wilhelm Hack Museum, Ludwigshafen\u00a0<\/span><\/p>\n<p><span class=\"yrs\">2010<\/span> <span class=\"tab1\">\u00bbFlachsland rauscht\u00ab, E105, Berlin<\/span><\/p>\n<p><span class=\"tab1\">\u00bbTranszendenz\u00ab, Inc. Autocenter, Berlin<\/span><\/p>\n<p><span class=\"tab1\">\u00bbKunst von alten und neuen Meistern\u00ab, Bugenhagenkirche, Hamburg\u00a0<\/span><\/p>\n<p><span class=\"yrs\">2009<\/span> <span class=\"tab1\">\u00bbLooking for a New World\u00ab, Kumamoto, Michima, Sendai, Japan\u00a0<\/span><\/p>\n<p><span class=\"yrs\">2008<\/span> <span class=\"tab1\">\u00bbEuropean Attitute\u00ab, Zendai MOMA Shanghai<\/span><\/p>\n<p><span class=\"tab1\">\u00bbSommernachtsraum\u00ab, CP Galerie Wiesbaden<\/span><\/p>\n<p><span class=\"tab1\">\u00bbSommerfest der Herzchen\u00ab, Autocenter Berlin<\/span><\/p>\n<p><span class=\"tab1\">\u00bbMade in Turkey\u00ab, Paulskirche Frankfurt\u00a0<\/span><\/p>\n<p><span class=\"yrs\">2007<\/span> <span class=\"tab1\">\u00bbAsia-Europe-mediations\u00ab, Kunsthalle Faust<\/span><\/p>\n<p><span class=\"tab1\">Foro Artistico, Hannover<\/span><\/p>\n<p><span class=\"tab1\">WSNHID-College, Poznan<\/span><\/p>\n<p><span class=\"tab1\">\u00bbIdyll\u00ab, K\u00fcnstlerverein Walkm\u00fchle, Wiesbaden<\/span><\/p>\n<p><span class=\"tab1\">\u00bbModern and Beyond\u00ab, Santralistanbul, Istanbul<\/span><\/p>\n<p><span class=\"tab1\">\u00bbDialogues M\u00c9DITERRAN\u00c9ENS\u00ab, Saint-Tropez<\/span><\/p>\n<p><span class=\"tab1\">\u00bbT\u00fcrkisch Delight\u00ab, St\u00e4dtische Galerie Nordhorn<\/span><\/p>\n<p><span class=\"yrs\">2006<\/span> <span class=\"tab1\">\u00bbNice Fine Art\u2026\u00ab, St\u00e4dtische Galerie im Alten Rathaus, Lahr<\/span><\/p>\n<p><span class=\"tab1\">\u00bbLang Leve Beeldhouwkunst!\u00ab, Middelheim Museum, Antwerpen<\/span><\/p>\n<p><span class=\"yrs\">2005<\/span> <span class=\"tab1\">\u00bbGotik und Moderne im Dialog\u00ab, Fr\u00e4nkische Galerie, Kronach\u00a0<\/span><\/p>\n<p><span class=\"yrs\">2002<\/span> <span class=\"tab1\">\u00bbObjekte &amp; Skulpturen\u00ab, K\u00fcnstlerverein Malkasten, D\u00fcsseldorf <\/span><\/p>\n<p><span class=\"tab1\">\u00bbPrivate \u00d6ffentlichkeit\u00ab, Museum Folkwang, Essen <\/span><\/p>\n<p><span class=\"tab1\">\u00bbHossa\u00ab Deutsche Kunst der 2000er Jahre, Centro Cultural Andratx, Mallorca\u00a0<\/span><\/p>\n<p><span class=\"yrs\">2000<\/span> <span class=\"tab1\">\u00bbeight days a week\u00ab, Bluecoat Gallery, Liverpool<\/span><\/p>\n<p><span class=\"tab1\">\u00bbGerman Art in Moscow\u00ab, Central House of Artist<\/span><\/p>\n<p><span class=\"tab1\">\u00bbsmall sizes mixed\u00ab kjubh (Kunstverein), K\u00f6ln<\/span><\/p>\n<p><span class=\"yrs\">1999\/2000<\/span> <span class=\"tab1\">U.N.I. Projekt, Schnitt Ausstellungsraum, K\u00f6ln und bei Wiensowski &amp; Harbord, Berlin<\/span><\/p>\n<p><span class=\"yrs\">1999<\/span> <span class=\"tab1\">\u00bbIskorpit\u00ab (aktuelle Kunst aus Istanbul), Badischer Kunstverein, Karlsruhe<\/span><\/p>\n<p><span class=\"tab1\">\u00bbRenania Libre\u00ab Galerie Helga de Alvear, Madrid<\/span><\/p>\n<p><span class=\"tab1\">\u00bbJubel Preise\u00ab Produzentengalerie, Kassel<\/span><\/p>\n<p><span class=\"yrs\">1998<\/span> <span class=\"tab1\">\u00bbArbeiten auf Papier\u00ab Galerie Katia Rid, M\u00fcnchen <\/span><\/p>\n<p><span class=\"tab1\">\u00bb40 Tage \u2013 40 Kuenstler\u00ab Galerie Oliver Schweden, M\u00fcnchen <\/span><\/p>\n<p><span class=\"tab1\">\u00bbWhen Season becomes Form\u00ab Ausstellungsraum Allianz-Versicherungs-AG, Koeln<\/span><\/p>\n<p><span class=\"tab1\">\u00bbIskorpit\u00ab, Haus der Kulturen, Berlin <\/span><\/p>\n<p><span class=\"tab1\">\u00bbBr\u00fcckengang\u00ab, Kunstprojekt, Koeln\u00a0<\/span><\/p>\n<p><span class=\"yrs\">1997<\/span> <span class=\"tab1\">\u00bbArbeiten auf Papier\u00ab Galerie Philomene Magers, K\u00f6ln <\/span><\/p>\n<p><span class=\"tab1\">\u00bbPlastik\u00ab Galerie Six Friedrich, M\u00fcnchen <\/span><\/p>\n<p><span class=\"tab1\">\u00bbSymposion\u00ab \u2013 ICEBOX\/Venetia Kapernekas, Athen<\/span><\/p>\n<p><span class=\"yrs\">1996<\/span> <span class=\"tab1\">Galerie Agathe Nisple, St. Gallen <\/span><\/p>\n<p><span class=\"tab1\">\u00bble temps d`\u00e9t\u00e9 all and sundry\u00ab, lukas&amp;hoffmann, K\u00f6ln <\/span><\/p>\n<p><span class=\"tab1\">\u00bbDialoge\u00ab Atatuerk K\u00fclt\u00fcr Merkezi, Istanbul, K <\/span><\/p>\n<p><span class=\"tab1\">\u00bbDialoge\u00ab Kunstpalast Duesseldorf\u00a0<\/span><\/p>\n<p><span class=\"yrs\">1995<\/span> <span class=\"tab1\">\u00bbCountry Code\u00ab, Bravin Post Lee, New York <\/span><\/p>\n<p><span class=\"tab1\">\u00bbBlast 4: Bioinformatica\u00ab, Koelnischer Kunstverein, K\u00f6ln, E <\/span><\/p>\n<p><span class=\"tab1\">\u00bbPointen\u00ab, Innsbruck, Umhausen, Graz, K <\/span><\/p>\n<p><span class=\"tab1\">4th International Istanbul Biennial, Istanbul, K <\/span><\/p>\n<p><span class=\"tab1\">Arbeiten auf Papier\u2039 Griffel \u2013 Kunst, Hamburg, K\u00a0<\/span><\/p>\n<p><span class=\"yrs\">1994<\/span> <span class=\"tab1\">\u00bbGrand Prix 94\u00ab, Monaco <\/span><\/p>\n<p><span class=\"tab1\">\u00bbLo Specchio di Proteo\u00ab, Rocca Paolina Perugia und Museum Alessandria <\/span><\/p>\n<p><span class=\"tab1\">\u00bbStatus Quo,\u00ab Galerie Klemens Gasser, Bolzano\u00a0 <\/span><\/p>\n<p><span class=\"tab1\">\u00bbPapierarbeiten und einige Skulpturen\u00ab, <\/span><span class=\"tab1\">Galerie Six Friedrich, M\u00fcnchen <\/span><\/p>\n<p><span class=\"tab1\">\u00bbAbsolute X-mas\u00ab, Unique Works on Paper,Galerie Oliver Schweden, M\u00fcnchen\u00a0<\/span><\/p>\n<p><span class=\"yrs\">1993<\/span> <span class=\"tab1\">\u00bbDer Baumeister\u00ab, Exit Art, Bahnhof K\u00f6ln-Deutz <\/span><\/p>\n<p><span class=\"tab1\">\u00bbGrafica 1\u00ab, Innsbruck, (K)\u00a0<\/span><\/p>\n<p><span class=\"yrs\">1992<\/span> <span class=\"tab1\">\u00bbPapier, Papier\u00ab, Galerie Six Friedrich, M\u00fcnchen <\/span><\/p>\n<p><span class=\"tab1\">\u00bbF\u00fcr die Galerie\/Dealing with Art\u00ab, K\u00fcnstlerwerkstatt Lothringer Stra\u00dfe, M\u00fcnchen, (K) <\/span><\/p>\n<p><span class=\"tab1\">Galerie Sophia Ungers, K\u00f6ln, (K) <\/span><\/p>\n<p><span class=\"tab1\">Anciens Etablissements Sacr\u00e9, L\u00fcttich\u00a0<\/span><\/p>\n<p><span class=\"yrs\">1989<\/span> <span class=\"tab1\">Galerie Six Friedrich, M\u00fcnchen\u00a0<\/span><\/p>\n<p><span class=\"tab1\">Galerie Tanja Grunert, K\u00f6ln<\/span><\/p>\n<p><span class=\"yrs\">1988<\/span> <span class=\"tab1\">Halle R\u00fcckriem, K\u00f6ln<\/span><\/p>\n<p>K: Katalog \/ E: Edition<\/p>\n<h1>Sculptures in public spaces<\/h1>\n<p><span class=\"yrs\">2005<\/span> <span class=\"tab1\">St. Benno, vor der St. Benno-Kirche, M\u00fcnchen<\/span><\/p>\n<p><span class=\"tab1\">St. Gereon, vor der St. Gereon-Kirche, K\u00f6ln<\/span><\/p>\n<p><span class=\"yrs\">2004<\/span> <span class=\"tab1\">T\u00fcrenprojekt mit tatarischen Kunststudenten in Simferopol, Krim<\/span><\/p>\n<p><span class=\"yrs\">2002<\/span> <span class=\"tab1\">Hl. Cassius und Hl. Florentinus, vor dem M\u00fcnster zu Bonn<\/span><\/p>\n","protected":false},"excerpt":{"rendered":"<p>Solo Exhibitions 2021 \u00bbYedilAIR\u00ab, AirMuseum Amberg 2015 \u00bbSuibri\u011figiller &#8211; Nepenthes\u00ab, Galerie art ON Istanbul\u00a0 \u00bbBl\u00fchende Landschaften revisited\u00ab, Galerie Hammelehle und Ahrens und Sankt Gertrud: Kirche+Kultur, Ko\u0308ln \u00bbSkulpturen\u00ab, St. Regis Venice San Clemente Palace, Venice 2014 \u00bbALLM\u00dcLL\u00ab, SPAM-Contemporary, D\u00fcsseldorf 2013 \u00bba\u00e7\u0131kl\u0131k-freiraum\u00ab, Initiative B\u00fcrgerzentrum Schuhfabrik e.V., Ahlen\/Westfalen, \u00bbFiragerofidugekafitogeri\u00ab! weitermachen!, Kunstverein Offenburg 2011 \u00bbAuf geht\u2019s\u00ab, amschatzhaus, Neuss-Holzheim, \u00bbAlways [&hellip;]<\/p>\n","protected":false},"author":1,"featured_media":0,"parent":0,"menu_order":25,"comment_status":"closed","ping_status":"closed","template":"","meta":{"_acf_changed":false,"footnotes":""},"class_list":["post-410","page","type-page","status-publish","hentry"],"acf":[],"_links":{"self":[{"href":"https:\/\/www.yediler.de\/en\/wp-json\/wp\/v2\/pages\/410","targetHints":{"allow":["GET"]}}],"collection":[{"href":"https:\/\/www.yediler.de\/en\/wp-json\/wp\/v2\/pages"}],"about":[{"href":"https:\/\/www.yediler.de\/en\/wp-json\/wp\/v2\/types\/page"}],"author":[{"embeddable":true,"href":"https:\/\/www.yediler.de\/en\/wp-json\/wp\/v2\/users\/1"}],"replies":[{"embeddable":true,"href":"https:\/\/www.yediler.de\/en\/wp-json\/wp\/v2\/comments?post=410"}],"version-history":[{"count":4,"href":"https:\/\/www.yediler.de\/en\/wp-json\/wp\/v2\/pages\/410\/revisions"}],"predecessor-version":[{"id":911,"href":"https:\/\/www.yediler.de\/en\/wp-json\/wp\/v2\/pages\/410\/revisions\/911"}],"wp:attachment":[{"href":"https:\/\/www.yediler.de\/en\/wp-json\/wp\/v2\/media?parent=410"}],"curies":[{"name":"wp","href":"https:\/\/api.w.org\/{rel}","templated":true}]}}