{"id":974,"date":"2022-05-17T11:10:50","date_gmt":"2022-05-17T09:10:50","guid":{"rendered":"http:\/\/www.yediler.de\/index.php?page_id=974"},"modified":"2022-05-17T11:47:32","modified_gmt":"2022-05-17T09:47:32","slug":"datenschutzerklaerung","status":"publish","type":"page","link":"https:\/\/www.yediler.de\/en\/datenschutzerklaerung\/","title":{"rendered":"Datenschutzerkl\u00e4rung"},"content":{"rendered":"\n<h2 class=\"wp-block-heading\">Datenschutzerkl\u00e4rung<\/h2>\n\n\n\n<h3 class=\"wp-block-heading\">Allgemeiner Hinweis und Pflichtinformationen<\/h3>\n\n\n\n<h3 class=\"wp-block-heading\">Verantwortlich f\u00fcr die Datenverarbeitung auf dieser Website ist:<\/h3>\n\n\n\n<p>Iskender Yediler<br>Uferstr. 6<br>13357 Berlin<\/p>\n\n\n\n<p>Die verantwortlichen entscheiden allein oder gemeinsam mit anderen \u00fcber die Zwecke und Mittel der Verarbeitung von personenbezogenen Daten (z.B. Namen, Kontaktdaten o. \u00c4.).<\/p>\n\n\n\n<h3 class=\"wp-block-heading\">Sie k\u00f6nnen unsere Webseiten besuchen, ohne Angaben zu Ihrer Person zu machen.&nbsp;<\/h3>\n\n\n\n<h3 class=\"wp-block-heading\">Server-Log-Dateien<\/h3>\n\n\n\n<p>In Server-Log-Dateien erhebt und speichert der Provider der Website automatisch Informationen, die Ihr Browser automatisch an ihn \u00fcbermittelt. Dies sind:<\/p>\n\n\n\n<ul class=\"wp-block-list\"><li>Besuchte Seite auf unserer Domain<\/li><li>Datum und Uhrzeit der Serveranfrage<\/li><li>Browsertyp und Browserversion<\/li><li>Verwendetes Betriebssystem<\/li><li>Referrer URL<\/li><li>Hostname des zugreifenden Rechners<\/li><li>IP-Adresse<\/li><\/ul>\n\n\n\n<p>Es findet keine Zusammenf\u00fchrung dieser Daten mit anderen Datenquellen statt. Grundlage der Datenverarbeitung bildet Art. 6 Abs. 1 lit. b DSGVO, der die Verarbeitung von Daten zur Erf\u00fcllung eines Vertrags oder vorvertraglicher Ma\u00dfnahmen gestattet. <\/p>\n\n\n\n<h3 class=\"wp-block-heading\">Kontaktaufnahme per E-Mail<\/h3>\n\n\n\n<p>Wenn Sie per E-Mail mit uns in Kontakt treten, erheben wir Ihre personenbezogenen Daten (Name, E-Mail-Adresse, Nachrichtentext) nur in dem Umfang, wie von Ihnen zur Verf\u00fcgung gestellt. Die Datenverarbeitung dient der Bearbeitung und Beantwortung Ihrer Kontaktanfrage.<br>Wenn die Kontaktaufnahme dem Interesse an einer unserer Arbeiten dient oder einen bereits zwischen Ihnen und uns geschlossenen Vertrag betrifft, erfolgt diese Datenverarbeitung auf Grundlage des Art. 6 Abs. 1 lit. b DSGVO.<\/p>\n\n\n\n<p>Erfolgt die Kontaktaufnahme aus anderen Gr\u00fcnden erfolgt diese Datenverarbeitung auf Grundlage des Art. 6 Abs. 1 lit. f DSGVO aus unserem \u00fcberwiegenden berechtigten Interesse an der Bearbeitung und Beantwortung Ihrer Anfrage. In diesem Fall haben Sie das Recht, aus Gr\u00fcnden, die sich aus Ihrer besonderen Situation ergeben, jederzeit dieser auf Art. 6 Abs. 1 lit. f DSGVO beruhenden Verarbeitungen Sie betreffender personenbezogener Daten zu widersprechen.<br>Ihre E-Mail-Adresse nutzen wir nur zur Bearbeitung Ihrer Anfrage. Ihre Daten werden anschlie\u00dfend unter Beachtung gesetzlicher Aufbewahrungsfristen gel\u00f6scht, sofern Sie der weitergehenden Verarbeitung und Nutzung nicht zugestimmt haben.<\/p>\n\n\n\n<h3 class=\"wp-block-heading\">YouTube<\/h3>\n\n\n\n<p>F\u00fcr Integration und Darstellung von Videoinhalten nutzt unsere Website Plugins von YouTube. Anbieter des Videoportals ist die YouTube, LLC, 901 Cherry Ave., San Bruno, CA 94066, USA.<\/p>\n\n\n\n<p>Bei Aufruf einer Seite mit integriertem YouTube-Plugin wird eine Verbindung zu den Servern von YouTube hergestellt. YouTube erf\u00e4hrt hierdurch, welche unserer Seiten Sie aufgerufen haben.<\/p>\n\n\n\n<p>YouTube kann Ihr Surfverhalten direkt Ihrem pers\u00f6nlichen Profil zuzuordnen, sollten Sie in Ihrem YouTube Konto eingeloggt sein. Durch vorheriges Ausloggen haben Sie die M\u00f6glichkeit, dies zu unterbinden.<\/p>\n\n\n\n<p>Die Nutzung von YouTube erfolgt im Interesse einer ansprechenden Darstellung unserer Online-Angebote. Dies stellt ein berechtigtes Interesse im Sinne von Art. 6 Abs. 1 lit. f DSGVO dar.<\/p>\n\n\n\n<p>Einzelheiten zum Umgang mit Nutzerdaten finden Sie in der Datenschutzerkl\u00e4rung von YouTube unter:&nbsp;<a href=\"https:\/\/www.google.de\/intl\/de\/policies\/privacy\">https:\/\/www.google.de\/intl\/de\/policies\/privacy<\/a>.<\/p>\n","protected":false},"excerpt":{"rendered":"<p>Datenschutzerkl\u00e4rung Allgemeiner Hinweis und Pflichtinformationen Verantwortlich f\u00fcr die Datenverarbeitung auf dieser Website ist: Iskender YedilerUferstr. 613357 Berlin Die verantwortlichen entscheiden allein oder gemeinsam mit anderen \u00fcber die Zwecke und Mittel der Verarbeitung von personenbezogenen Daten (z.B. Namen, Kontaktdaten o. \u00c4.). Sie k\u00f6nnen unsere Webseiten besuchen, ohne Angaben zu Ihrer Person zu machen.&nbsp; Server-Log-Dateien In Server-Log-Dateien [&hellip;]<\/p>\n","protected":false},"author":1,"featured_media":0,"parent":0,"menu_order":32,"comment_status":"closed","ping_status":"closed","template":"","meta":{"_acf_changed":false,"footnotes":""},"class_list":["post-974","page","type-page","status-publish","hentry"],"acf":[],"_links":{"self":[{"href":"https:\/\/www.yediler.de\/en\/wp-json\/wp\/v2\/pages\/974","targetHints":{"allow":["GET"]}}],"collection":[{"href":"https:\/\/www.yediler.de\/en\/wp-json\/wp\/v2\/pages"}],"about":[{"href":"https:\/\/www.yediler.de\/en\/wp-json\/wp\/v2\/types\/page"}],"author":[{"embeddable":true,"href":"https:\/\/www.yediler.de\/en\/wp-json\/wp\/v2\/users\/1"}],"replies":[{"embeddable":true,"href":"https:\/\/www.yediler.de\/en\/wp-json\/wp\/v2\/comments?post=974"}],"version-history":[{"count":13,"href":"https:\/\/www.yediler.de\/en\/wp-json\/wp\/v2\/pages\/974\/revisions"}],"predecessor-version":[{"id":999,"href":"https:\/\/www.yediler.de\/en\/wp-json\/wp\/v2\/pages\/974\/revisions\/999"}],"wp:attachment":[{"href":"https:\/\/www.yediler.de\/en\/wp-json\/wp\/v2\/media?parent=974"}],"curies":[{"name":"wp","href":"https:\/\/api.w.org\/{rel}","templated":true}]}}